{"id":617,"date":"2017-12-11T02:36:08","date_gmt":"2017-12-11T02:36:08","guid":{"rendered":"http:\/\/organiko.jwsuperthemes.com\/?page_id=617"},"modified":"2018-10-17T20:54:06","modified_gmt":"2018-10-17T20:54:06","slug":"home-page-04","status":"publish","type":"page","link":"https:\/\/lokalno.je\/pot-do-lokalne-hrane\/","title":{"rendered":"Domov"},"content":{"rendered":"<p>[vc_row][vc_column][rev_slider_vc alias=&#8221;home-page-04&#8243;][\/vc_column][\/vc_row][vc_row css=&#8221;.vc_custom_1516930256299{padding-top: 95px !important;padding-bottom: 50px !important;}&#8221;][vc_column]<div class=\"text-center  organiko-title-tpl1 \">            <span class=\"organiko-subtitle\" style=\"color: #858585\">Pot do lokalne hrane<\/span>\n            <h2 class=\"organiko-title\" style=\"color: #6ea03c\">\n                Izberite lokalno hrano            <\/h2>\n        <\/div>[vc_empty_space height=&#8221;62px&#8221;]\t<div class=\"tb-why-choose  tpl3\">\n\t\t\n\t<ul class=\"tb-list-arow\">\n\t\t\t\t\t<li style=\"color:#665447\">\n\t\t\t\t<span class=\"number\">01<\/span>\n\t\t\t\t<img decoding=\"async\" src=\"https:\/\/lokalno.je\/pot-do-lokalne-hrane\/wp-content\/uploads\/bfi_thumb\/slika2-p3pp6ra9lu2e698vw0vmdu9aowqrpwiz0wpbu9j6h4.jpg\" alt=\"\">\n\t\t\t<\/li>\n\t\t\t\t\t<li style=\"color:#665447\">\n\t\t\t\t<span class=\"number\">02<\/span>\n\t\t\t\t<img decoding=\"async\" src=\"https:\/\/lokalno.je\/pot-do-lokalne-hrane\/wp-content\/uploads\/bfi_thumb\/slika5-p3pp6ra9lu2e698vw0vmdu9aowqrpwiz0wpbu9j6h4.jpg\" alt=\"\">\n\t\t\t<\/li>\n\t\t\t\t\t<li style=\"color:#665447\">\n\t\t\t\t<span class=\"number\">03<\/span>\n\t\t\t\t<img decoding=\"async\" src=\"https:\/\/lokalno.je\/pot-do-lokalne-hrane\/wp-content\/uploads\/bfi_thumb\/slika6-p3pp6ra9lu2e698vw0vmdu9aowqrpwiz0wpbu9j6h4.jpg\" alt=\"\">\n\t\t\t<\/li>\n\t\t\t\t\t<li style=\"color:#665447\">\n\t\t\t\t<span class=\"number\">04<\/span>\n\t\t\t\t<img decoding=\"async\" src=\"https:\/\/lokalno.je\/pot-do-lokalne-hrane\/wp-content\/uploads\/bfi_thumb\/slika4-p3pp6ra9lu2e698vw0vmdu9aowqrpwiz0wpbu9j6h4.jpg\" alt=\"\">\n\t\t\t<\/li>\n\t\t\t<\/ul>\n\t<ul class=\"tb-list-slider\">\n\t\t\t\t<li>\n\t\t\t<div class=\"tb-image\">\n\t\t\t\t<img decoding=\"async\" src=\"https:\/\/lokalno.je\/pot-do-lokalne-hrane\/wp-content\/uploads\/bfi_thumb\/slika2-p3pp6ra9lu2e698vw0vmdu9aowqrpwiz0wpbu9j6h4.jpg\" alt=\"\">\n\t\t\t\t<span class=\"number\">01<\/span>\n\t\t\t<\/div>\n\t\t\t<div class=\"tb-content\">\n\t\t\t\t<h3 class=\"title\" style=\"color:#665447\">Kratek opis projekta<\/h3>\n\t\t\t\t<div class=\"tb-excerpt\">\n\t\t\t\t    <p>Vzpostavili smo novo lokalno storite, in sicer oskrbo z lokalno hrano ter inovativno partnerstvo, sestavljeno s predstavnikov proizvajalcev in javnih zavodov ter socialnega sektorja.\n\nV okviru nove lokalne storitve, ki vklju\u010duje vsaj 10 na novo vklju\u010denih lokalnih proizvajalcev (poleg \u017ee obstoje\u010dih ponudnikov znotraj Skupine vrtovi panonski z.o.o.), smo vzpostavili kratko verigo za oskrbo javnih zavodov in drugih organizacij na obmo\u010dju Pomurja.<\/p>\t\t\t\t<\/div>\n\t\t\t<\/div>\n\t\t<\/li>\n\t\t\t\t<li>\n\t\t\t<div class=\"tb-image\">\n\t\t\t\t<img decoding=\"async\" src=\"https:\/\/lokalno.je\/pot-do-lokalne-hrane\/wp-content\/uploads\/bfi_thumb\/slika5-p3pp6ra9lu2e698vw0vmdu9aowqrpwiz0wpbu9j6h4.jpg\" alt=\"\">\n\t\t\t\t<span class=\"number\">02<\/span>\n\t\t\t<\/div>\n\t\t\t<div class=\"tb-content\">\n\t\t\t\t<h3 class=\"title\" style=\"color:#665447\">Kratek opis projekta<\/h3>\n\t\t\t\t<div class=\"tb-excerpt\">\n\t\t\t\t    <p>Vzpostavili smo novo lokalno storite, in sicer oskrbo z lokalno hrano ter inovativno partnerstvo, sestavljeno s predstavnikov proizvajalcev in javnih zavodov ter socialnega sektorja.\n\nV okviru nove lokalne storitve, ki vklju\u010duje vsaj 10 na novo vklju\u010denih lokalnih proizvajalcev (poleg \u017ee obstoje\u010dih ponudnikov znotraj Skupine vrtovi panonski z.o.o.), smo vzpostavili kratko verigo za oskrbo javnih zavodov in drugih organizacij na obmo\u010dju Pomurja.<\/p>\t\t\t\t<\/div>\n\t\t\t<\/div>\n\t\t<\/li>\n\t\t\t\t<li>\n\t\t\t<div class=\"tb-image\">\n\t\t\t\t<img decoding=\"async\" src=\"https:\/\/lokalno.je\/pot-do-lokalne-hrane\/wp-content\/uploads\/bfi_thumb\/slika6-p3pp6ra9lu2e698vw0vmdu9aowqrpwiz0wpbu9j6h4.jpg\" alt=\"\">\n\t\t\t\t<span class=\"number\">03<\/span>\n\t\t\t<\/div>\n\t\t\t<div class=\"tb-content\">\n\t\t\t\t<h3 class=\"title\" style=\"color:#665447\">Kratek opis projekta<\/h3>\n\t\t\t\t<div class=\"tb-excerpt\">\n\t\t\t\t    <p>Vzpostavili smo novo lokalno storite, in sicer oskrbo z lokalno hrano ter inovativno partnerstvo, sestavljeno s predstavnikov proizvajalcev in javnih zavodov ter socialnega sektorja.\n\nV okviru nove lokalne storitve, ki vklju\u010duje vsaj 10 na novo vklju\u010denih lokalnih proizvajalcev (poleg \u017ee obstoje\u010dih ponudnikov znotraj Skupine vrtovi panonski z.o.o.), smo vzpostavili kratko verigo za oskrbo javnih zavodov in drugih organizacij na obmo\u010dju Pomurja.<\/p>\t\t\t\t<\/div>\n\t\t\t<\/div>\n\t\t<\/li>\n\t\t\t\t<li>\n\t\t\t<div class=\"tb-image\">\n\t\t\t\t<img decoding=\"async\" src=\"https:\/\/lokalno.je\/pot-do-lokalne-hrane\/wp-content\/uploads\/bfi_thumb\/slika4-p3pp6ra9lu2e698vw0vmdu9aowqrpwiz0wpbu9j6h4.jpg\" alt=\"\">\n\t\t\t\t<span class=\"number\">04<\/span>\n\t\t\t<\/div>\n\t\t\t<div class=\"tb-content\">\n\t\t\t\t<h3 class=\"title\" style=\"color:#665447\">Kratek opis projekta<\/h3>\n\t\t\t\t<div class=\"tb-excerpt\">\n\t\t\t\t    <p>Vzpostavili smo novo lokalno storite, in sicer oskrbo z lokalno hrano ter inovativno partnerstvo, sestavljeno s predstavnikov proizvajalcev in javnih zavodov ter socialnega sektorja.\n\nV okviru nove lokalne storitve, ki vklju\u010duje vsaj 10 na novo vklju\u010denih lokalnih proizvajalcev (poleg \u017ee obstoje\u010dih ponudnikov znotraj Skupine vrtovi panonski z.o.o.), smo vzpostavili kratko verigo za oskrbo javnih zavodov in drugih organizacij na obmo\u010dju Pomurja.<\/p>\t\t\t\t<\/div>\n\t\t\t<\/div>\n\t\t<\/li>\n\t\t\t<\/ul>\n<script type=\"text\/javascript\">\n\tjQuery(document).ready(function($) {\n\t\t$('.tb-list-slider').slick({\n\t\t\tslidesToShow: 1,\n\t\t\tslidesToScroll: 1,\n\t\t\tarrows: false,\n\t\t\tfade: true,\n\t\t\tasNavFor: '.tb-list-arow'\n\t\t});\n\t\t$('.tb-list-arow').slick({\n\t\t\tslidesToShow: 3,\n\t\t\tslidesToScroll: 1,\n\t\t\tvertical: true,\n\t\t\tasNavFor: '.tb-list-slider',\n\t\t\tdots: false,\n\t\t\tarrows: false,\n\t\t\tfocusOnSelect: true,\n\t\t\tresponsive: [\n\t\t\t    {\n\t\t\t      breakpoint: 600,\n\t\t\t      settings: {\n\t\t\t        slidesToShow: 2,\n\t\t\t        slidesToScroll: 1\n\t\t\t      }\n\t\t\t    },\n\t\t\t    {\n\t\t\t      breakpoint: 480,\n\t\t\t      settings: {\n\t\t\t        slidesToShow: 1,\n\t\t\t        slidesToScroll: 1\n\t\t\t      }\n\t\t\t    }\n\t\t\t    \/\/ You can unslick at a given breakpoint now by adding:\n\t\t\t    \/\/ settings: \"unslick\"\n\t\t\t    \/\/ instead of a settings object\n\t\t  \t]\n\t\t});\n\t});\n\t\n\t\t\t\t\n<\/script>\t<\/div>\n    [\/vc_column][\/vc_row][vc_row][vc_column]<div class=\"text-center  organiko-title-tpl1 \">            <span class=\"organiko-subtitle\" >Postanite na\u0161 odjemalec<\/span>\n            <h2 class=\"organiko-title\" >\n                Za javne zavode in druge ustanove            <\/h2>\n        <\/div>[vc_empty_space][vc_row_inner el_class=&#8221;tb-about&#8221; css=&#8221;.vc_custom_1515392679501{margin-top: 62px !important;margin-bottom: 65px !important;}&#8221;][vc_column_inner width=&#8221;7\/12&#8243;][vc_single_image image=&#8221;2090&#8243; img_size=&#8221;full&#8221; alignment=&#8221;center&#8221;][\/vc_column_inner][vc_column_inner width=&#8221;5\/12&#8243;][vc_column_text el_class=&#8221;tb-about&#8221;]Nova distribucijski pot od kmeta do javnih zavodov, domov za ostarele, zdravili\u0161\u010d, gostiln ter drugih kupcev v Prekmurju.<\/p>\n<p>Dostava <strong>vsak delovnik<\/strong> in <strong>v soboto<\/strong>. Naro\u010dilo lahko oddate po telefonu (<strong>031 311 067<\/strong>) do 15. ure preko sms sporo\u010dil in vse do 24. ure za dostavo naslednji dan ter preko mobilne aplikacije &#8211; <strong><a href=\"https:\/\/play.google.com\/store\/apps\/details?id=si.pro_koda.zelenatocka\" target=\"_blank\" rel=\"noopener\">Pot do lokalne hrane<\/a><\/strong>, ki je brezpla\u010dna na voljo na Google Play.[\/vc_column_text][vc_empty_space][vc_column_text el_class=&#8221;tb-about&#8221;]<a class=\"primary-btn\" href=\"https:\/\/lokalno.je\/pot-do-lokalne-hrane\/za-odjemalce\">Postani odjemalec<\/a>[\/vc_column_text][\/vc_column_inner][\/vc_row_inner][\/vc_column][\/vc_row][vc_row][vc_column]<div class=\"text-center  organiko-title-tpl1 \">            <span class=\"organiko-subtitle\" >Postnite na\u0161 ponudnik<\/span>\n            <h2 class=\"organiko-title\" >\n                Imate kmetijo            <\/h2>\n        <\/div>[vc_empty_space][vc_row_inner el_class=&#8221;tb-about&#8221; css=&#8221;.vc_custom_1515392679501{margin-top: 62px !important;margin-bottom: 65px !important;}&#8221;][vc_column_inner width=&#8221;5\/12&#8243;][vc_column_text el_class=&#8221;tb-about&#8221;]Ste morda pridelovalec lokalno pridelane hrane? Postanite na\u0161 ponudnik lokalno pridelane hrane.[\/vc_column_text][vc_empty_space][vc_column_text el_class=&#8221;tb-about&#8221;]<a class=\"primary-btn\" href=\"https:\/\/lokalno.je\/pot-do-lokalne-hrane\/za-ponudnike\">Postani ponudnik<\/a>[\/vc_column_text][\/vc_column_inner][vc_column_inner width=&#8221;7\/12&#8243;][vc_single_image image=&#8221;2084&#8243; img_size=&#8221;full&#8221; alignment=&#8221;center&#8221;][\/vc_column_inner][\/vc_row_inner][\/vc_column][\/vc_row][vc_row full_width=&#8221;stretch_row&#8221; css=&#8221;.vc_custom_1534734941161{padding-top: 0px !important;padding-bottom: 100px !important;background-color: #f9f9f9 !important;}&#8221;][vc_column][vc_empty_space height=&#8221;62px&#8221;]<div class=\"text-center  organiko-title-tpl1 \">            <span class=\"organiko-subtitle\" >Na\u0161i najnovej\u0161i jedilniki<\/span>\n            <h2 class=\"organiko-title\" >\n                Jednilniki            <\/h2>\n        <\/div>[vc_empty_space height=&#8221;62px&#8221;]\t<div class=\"row tpl2 tb-blog-grid \">\n\t\t\t<div class=\"col-xs-12 col-sm-6 col-md-4 col-lg-4\">\n\t\t<article class=\"post-2250 post type-post status-publish format-standard hentry category-starejsi\">\n\t\t\t<div class=\"tb-post-item\">\n\t\t\t\t\t\t\t\t\t<div class=\"tb-thumb tb-image\">\n\t\t\t\t\t\t<a href=\"https:\/\/lokalno.je\/pot-do-lokalne-hrane\/2018\/10\/12\/za-starostnike-jedilnik-30\/\">\n\t\t\t\t\t\t\t\t\t\t\t\t\t<\/a>\n\t\t\t\t\t\t<span class=\"tb-blog-date\">\n\t\t\t\t\t\t   <span class=\"entry-date latest_post_date\">\n\t\t<span class=\"day-time\">12<\/span>\n\t\t<span class=\"month-time\">Okt<\/span>\n\t<\/span>\t\t\t\t\t\t<\/span>\n\t\t\t\t\t<\/div>\n\t\t\t\t\t\t\t\t<div class=\"tb-content\">\n\t\t\t\t\t\t\t\t\t\t\t<h4 class=\"tb-title\"><a href=\"https:\/\/lokalno.je\/pot-do-lokalne-hrane\/2018\/10\/12\/za-starostnike-jedilnik-30\/\">Za starostnike: jedilnik 30<\/a><\/h4>\n\t\t\t\t\t\t\t\t\t\t\t\t\t\t\t\t<div class=\"tb-info\">\n\t\t\t\t\t\t\t\t\t\t<div class=\"blog-info\">\n\t\t\t\t<!-- Comment count -->\n\t\t\t\t\t\t\t\t<span class=\"favorite-number\"><a href=\"#\" class=\"tb-btn nectar-love\" id=\"nectar-love-2250\" title=\"Love this\"> <i class=\"fa fa-heart\"><\/i><span class=\"nectar-love-count\">5<\/span> <\/a><\/span>\n\t\t\t<\/div>\n\t\t\t\t\t\t\t\t\t<\/div>\n\t\t\t\t\t\t\t\t\t\t\t\t\t\t\t\t<div class=\"tb-excerpt\">\n\t\t\t\t\t\t\t\u00a030.jedilnik Energijska vrednost Ogljikovi hidrati Beljakovine ma\u0161\u010dobe Zajtrk R\u017eeni kruh, Pusta\t\t\t\t\t\t<\/div>\n\t\t\t\t\t\t\t\t\t\t\t\t\t\t\t\t<a class=\"tb-readmore \" href=\"https:\/\/lokalno.je\/pot-do-lokalne-hrane\/2018\/10\/12\/za-starostnike-jedilnik-30\/\">Preberi ve\u010d<\/a>\n\t\t\t\t\t\t\t\t\t<\/div>\n\t\t\t<\/div>\n\t\t<\/article>\n\t<\/div>\n\t<div class=\"col-xs-12 col-sm-6 col-md-4 col-lg-4\">\n\t\t<article class=\"post-2248 post type-post status-publish format-standard hentry category-starejsi\">\n\t\t\t<div class=\"tb-post-item\">\n\t\t\t\t\t\t\t\t\t<div class=\"tb-thumb tb-image\">\n\t\t\t\t\t\t<a href=\"https:\/\/lokalno.je\/pot-do-lokalne-hrane\/2018\/10\/12\/za-starostnike-jedilnik-29\/\">\n\t\t\t\t\t\t\t\t\t\t\t\t\t<\/a>\n\t\t\t\t\t\t<span class=\"tb-blog-date\">\n\t\t\t\t\t\t   <span class=\"entry-date latest_post_date\">\n\t\t<span class=\"day-time\">12<\/span>\n\t\t<span class=\"month-time\">Okt<\/span>\n\t<\/span>\t\t\t\t\t\t<\/span>\n\t\t\t\t\t<\/div>\n\t\t\t\t\t\t\t\t<div class=\"tb-content\">\n\t\t\t\t\t\t\t\t\t\t\t<h4 class=\"tb-title\"><a href=\"https:\/\/lokalno.je\/pot-do-lokalne-hrane\/2018\/10\/12\/za-starostnike-jedilnik-29\/\">Za starostnike: jedilnik 29<\/a><\/h4>\n\t\t\t\t\t\t\t\t\t\t\t\t\t\t\t\t<div class=\"tb-info\">\n\t\t\t\t\t\t\t\t\t\t<div class=\"blog-info\">\n\t\t\t\t<!-- Comment count -->\n\t\t\t\t\t\t\t\t<span class=\"favorite-number\"><a href=\"#\" class=\"tb-btn nectar-love\" id=\"nectar-love-2248\" title=\"Love this\"> <i class=\"fa fa-heart\"><\/i><span class=\"nectar-love-count\">2<\/span> <\/a><\/span>\n\t\t\t<\/div>\n\t\t\t\t\t\t\t\t\t<\/div>\n\t\t\t\t\t\t\t\t\t\t\t\t\t\t\t\t<div class=\"tb-excerpt\">\n\t\t\t\t\t\t\t\u00a029.jedilnik Energijska vrednost Ogljikovi hidrati Beljakovine ma\u0161\u010dobe Zajtrk Ajdov kruh Skuta\t\t\t\t\t\t<\/div>\n\t\t\t\t\t\t\t\t\t\t\t\t\t\t\t\t<a class=\"tb-readmore \" href=\"https:\/\/lokalno.je\/pot-do-lokalne-hrane\/2018\/10\/12\/za-starostnike-jedilnik-29\/\">Preberi ve\u010d<\/a>\n\t\t\t\t\t\t\t\t\t<\/div>\n\t\t\t<\/div>\n\t\t<\/article>\n\t<\/div>\n\t<div class=\"col-xs-12 col-sm-6 col-md-4 col-lg-4\">\n\t\t<article class=\"post-2246 post type-post status-publish format-standard hentry category-starejsi\">\n\t\t\t<div class=\"tb-post-item\">\n\t\t\t\t\t\t\t\t\t<div class=\"tb-thumb tb-image\">\n\t\t\t\t\t\t<a href=\"https:\/\/lokalno.je\/pot-do-lokalne-hrane\/2018\/10\/12\/za-starostnike-jedilnik-28\/\">\n\t\t\t\t\t\t\t\t\t\t\t\t\t<\/a>\n\t\t\t\t\t\t<span class=\"tb-blog-date\">\n\t\t\t\t\t\t   <span class=\"entry-date latest_post_date\">\n\t\t<span class=\"day-time\">12<\/span>\n\t\t<span class=\"month-time\">Okt<\/span>\n\t<\/span>\t\t\t\t\t\t<\/span>\n\t\t\t\t\t<\/div>\n\t\t\t\t\t\t\t\t<div class=\"tb-content\">\n\t\t\t\t\t\t\t\t\t\t\t<h4 class=\"tb-title\"><a href=\"https:\/\/lokalno.je\/pot-do-lokalne-hrane\/2018\/10\/12\/za-starostnike-jedilnik-28\/\">Za starostnike: jedilnik 28<\/a><\/h4>\n\t\t\t\t\t\t\t\t\t\t\t\t\t\t\t\t<div class=\"tb-info\">\n\t\t\t\t\t\t\t\t\t\t<div class=\"blog-info\">\n\t\t\t\t<!-- Comment count -->\n\t\t\t\t\t\t\t\t<span class=\"favorite-number\"><a href=\"#\" class=\"tb-btn nectar-love\" id=\"nectar-love-2246\" title=\"Love this\"> <i class=\"fa fa-heart\"><\/i><span class=\"nectar-love-count\">0<\/span> <\/a><\/span>\n\t\t\t<\/div>\n\t\t\t\t\t\t\t\t\t<\/div>\n\t\t\t\t\t\t\t\t\t\t\t\t\t\t\t\t<div class=\"tb-excerpt\">\n\t\t\t\t\t\t\t\u00a028.jedilnik Energijska vrednost Ogljikovi hidrati Beljakovine ma\u0161\u010dobe Zajtrk Polnozrnati mo\u010dnik Eko\t\t\t\t\t\t<\/div>\n\t\t\t\t\t\t\t\t\t\t\t\t\t\t\t\t<a class=\"tb-readmore \" href=\"https:\/\/lokalno.je\/pot-do-lokalne-hrane\/2018\/10\/12\/za-starostnike-jedilnik-28\/\">Preberi ve\u010d<\/a>\n\t\t\t\t\t\t\t\t\t<\/div>\n\t\t\t<\/div>\n\t\t<\/article>\n\t<\/div>\n\t\t<div style=\"clear: both;\"><\/div>\n\t\t\t<\/div>\n    [\/vc_column][\/vc_row][vc_row full_width=&#8221;stretch_row_content_no_spaces&#8221;][vc_column][\/vc_column][\/vc_row]<\/p>\n","protected":false},"excerpt":{"rendered":"<p>[vc_row][vc_column][rev_slider_vc alias=&#8221;home-page-04&#8243;][\/vc_column][\/vc_row][vc_row css=&#8221;.vc_custom_1516930256299{padding-top: 95px !important;padding-bottom: 50px !important;}&#8221;][vc_column][vc_empty_space height=&#8221;62px&#8221;][\/vc_column][\/vc_row][vc_row][vc_column][vc_empty_space][vc_row_inner el_class=&#8221;tb-about&#8221; css=&#8221;.vc_custom_1515392679501{margin-top: 62px !important;margin-bottom: 65px !important;}&#8221;][vc_column_inner width=&#8221;7\/12&#8243;][vc_single_image image=&#8221;2090&#8243; img_size=&#8221;full&#8221; alignment=&#8221;center&#8221;][\/vc_column_inner][vc_column_inner width=&#8221;5\/12&#8243;][vc_column_text el_class=&#8221;tb-about&#8221;]Nova distribucijski pot od kmeta do javnih zavodov, domov za ostarele, zdravili\u0161\u010d, gostiln ter drugih kupcev v Prekmurju. Dostava vsak delovnik [&hellip;]<\/p>\n","protected":false},"author":1,"featured_media":0,"parent":0,"menu_order":0,"comment_status":"closed","ping_status":"closed","template":"","meta":{"footnotes":""},"class_list":["post-617","page","type-page","status-publish","hentry"],"_links":{"self":[{"href":"https:\/\/lokalno.je\/pot-do-lokalne-hrane\/wp-json\/wp\/v2\/pages\/617","targetHints":{"allow":["GET"]}}],"collection":[{"href":"https:\/\/lokalno.je\/pot-do-lokalne-hrane\/wp-json\/wp\/v2\/pages"}],"about":[{"href":"https:\/\/lokalno.je\/pot-do-lokalne-hrane\/wp-json\/wp\/v2\/types\/page"}],"author":[{"embeddable":true,"href":"https:\/\/lokalno.je\/pot-do-lokalne-hrane\/wp-json\/wp\/v2\/users\/1"}],"replies":[{"embeddable":true,"href":"https:\/\/lokalno.je\/pot-do-lokalne-hrane\/wp-json\/wp\/v2\/comments?post=617"}],"version-history":[{"count":52,"href":"https:\/\/lokalno.je\/pot-do-lokalne-hrane\/wp-json\/wp\/v2\/pages\/617\/revisions"}],"predecessor-version":[{"id":2260,"href":"https:\/\/lokalno.je\/pot-do-lokalne-hrane\/wp-json\/wp\/v2\/pages\/617\/revisions\/2260"}],"wp:attachment":[{"href":"https:\/\/lokalno.je\/pot-do-lokalne-hrane\/wp-json\/wp\/v2\/media?parent=617"}],"curies":[{"name":"wp","href":"https:\/\/api.w.org\/{rel}","templated":true}]}}