{"id":1965,"date":"2018-08-11T07:29:46","date_gmt":"2018-08-11T07:29:46","guid":{"rendered":"http:\/\/lokalno.je\/pot-do-lokalne-hrane\/?page_id=1965"},"modified":"2024-02-26T08:02:38","modified_gmt":"2024-02-26T08:02:38","slug":"za-odjemalce","status":"publish","type":"page","link":"https:\/\/lokalno.je\/pot-do-lokalne-hrane\/za-odjemalce\/","title":{"rendered":"Za odjemalce"},"content":{"rendered":"<p>[vc_row][vc_column]<div class=\"text-center  organiko-title-tpl1 \">            <span class=\"organiko-subtitle\" >Postanite na\u0161 odjemalec<\/span>\n            <h2 class=\"organiko-title\" >\n                Za javne zavode in druge ustanove            <\/h2>\n        <\/div>[vc_empty_space][vc_row_inner el_class=&#8221;tb-about&#8221; css=&#8221;.vc_custom_1515392679501{margin-top: 62px !important;margin-bottom: 65px !important;}&#8221;][vc_column_inner width=&#8221;5\/12&#8243;][vc_single_image image=&#8221;2090&#8243; img_size=&#8221;full&#8221; alignment=&#8221;center&#8221;][\/vc_column_inner][vc_column_inner width=&#8221;7\/12&#8243;][vc_column_text el_class=&#8221;tb-about&#8221;]Nova distribucijski pot od kmeta do javnih zavodov, domov za ostarele, zdravili\u0161\u010d, gostiln ter drugih kupcev v Prekmurju.<\/p>\n<p>Dostava <strong>vsak delovnik<\/strong> in<strong> v soboto<\/strong>. Naro\u010dilo lahko oddate po telefonu (<strong>031 311 067<\/strong>) do 15. ure preko sms sporo\u010dil in vse do 24. ure za dostavo naslednji dan ter preko mobilne aplikacije &#8211; <strong><a href=\"https:\/\/play.google.com\/store\/apps\/details?id=si.pro_koda.zelenatocka\" target=\"_blank\" rel=\"noopener noreferrer\">Pot do lokalne hrane<\/a><\/strong>, ki je brezpla\u010dna na voljo na Google Play.<\/p>\n<p><strong>Vpi\u0161ite se in postanite na\u0161 odjemalec lokalno pridelane hrane.<\/strong><\/p>\n<p><a class=\"primary-btn\" href=\"https:\/\/lokalno.je\/pot-do-lokalne-hrane\/za-odjemalce#vpis\">Vpi\u0161ite se<\/a><a class=\"secondary-btn\" href=\"http:\/\/lokalno.je\/pot-do-lokalne-hrane-app\/\" target=\"_blank\" rel=\"noopener\">Prijava<\/a>[\/vc_column_text][\/vc_column_inner][\/vc_row_inner][\/vc_column][\/vc_row][vc_row full_width=&#8221;stretch_row&#8221; css=&#8221;.vc_custom_1534050574221{padding-top: 50px !important;padding-bottom: 50px !important;background-color: #e5e5e5 !important;}&#8221;][vc_column]<div class=\"text-center  organiko-title-tpl1 \">            <span class=\"organiko-subtitle\" ><\/span>\n            <h2 class=\"organiko-title\" style=\"color: #6ea03c\">\n                Spremljajte na\u0161o aktualno ponudbo            <\/h2>\n        <\/div>[vc_empty_space][vc_row_inner][vc_column_inner width=&#8221;1\/2&#8243;][vc_single_image image=&#8221;2082&#8243; img_size=&#8221;full&#8221; alignment=&#8221;center&#8221;][\/vc_column_inner][vc_column_inner width=&#8221;1\/2&#8243;][vc_column_text]Vsak \u010detrtek izide aktualna ponudba sve\u017ee zelenjave in sadja. Ve\u010d o aktualni ponudbi kliknite spodnji link.[\/vc_column_text][vc_column_text]<a class=\"primary-btn\" href=\"https:\/\/zelena-tocka.si\/lokalni-izdelki\/\" target=\"_blank\" rel=\"noopener\">Aktualna ponudba<\/a>[\/vc_column_text][\/vc_column_inner][\/vc_row_inner][\/vc_column][\/vc_row][vc_row css=&#8221;.vc_custom_1534131986871{padding-top: 50px !important;padding-bottom: 50px !important;}&#8221; el_id=&#8221;vpis&#8221;][vc_column]<div class=\"text-center  organiko-title-tpl1 \">            <span class=\"organiko-subtitle\" >Postanite na\u0161 odjemalec<\/span>\n            <h2 class=\"organiko-title\" >\n                Vpis novega odjemalca            <\/h2>\n        <\/div>[\/vc_column][\/vc_row][vc_row css=&#8221;.vc_custom_1534130990122{padding-bottom: 50px !important;}&#8221;][vc_column width=&#8221;3\/12&#8243;][\/vc_column][vc_column width=&#8221;6\/12&#8243;]\n<div class=\"wpcf7 no-js\" id=\"wpcf7-f2031-o1\" lang=\"en-US\" dir=\"ltr\" data-wpcf7-id=\"2031\">\n<div class=\"screen-reader-response\"><p role=\"status\" aria-live=\"polite\" aria-atomic=\"true\"><\/p> <ul><\/ul><\/div>\n<form action=\"\/pot-do-lokalne-hrane\/wp-json\/wp\/v2\/pages\/1965#wpcf7-f2031-o1\" method=\"post\" class=\"wpcf7-form init\" aria-label=\"Contact form\" novalidate=\"novalidate\" data-status=\"init\">\n<fieldset class=\"hidden-fields-container\"><input type=\"hidden\" name=\"_wpcf7\" value=\"2031\" \/><input type=\"hidden\" name=\"_wpcf7_version\" value=\"6.1.5\" \/><input type=\"hidden\" name=\"_wpcf7_locale\" value=\"en_US\" \/><input type=\"hidden\" name=\"_wpcf7_unit_tag\" value=\"wpcf7-f2031-o1\" \/><input type=\"hidden\" name=\"_wpcf7_container_post\" value=\"0\" \/><input type=\"hidden\" name=\"_wpcf7_posted_data_hash\" value=\"\" \/><input type=\"hidden\" name=\"_wpcf7_recaptcha_response\" value=\"\" \/>\n<\/fieldset>\n<p><label> Ime podjetja<\/label><span class=\"wpcf7-form-control-wrap\" data-name=\"company-name\"><input size=\"40\" maxlength=\"400\" class=\"wpcf7-form-control wpcf7-text wpcf7-validates-as-required\" aria-required=\"true\" aria-invalid=\"false\" value=\"\" type=\"text\" name=\"company-name\" \/><\/span>\n<\/p>\n<p><label> Naslov podjetja<\/label><span class=\"wpcf7-form-control-wrap\" data-name=\"company-address\"><input size=\"40\" maxlength=\"400\" class=\"wpcf7-form-control wpcf7-text wpcf7-validates-as-required\" aria-required=\"true\" aria-invalid=\"false\" value=\"\" type=\"text\" name=\"company-address\" \/><\/span>\n<\/p>\n<p><label> Va\u0161 e-mail<\/label><span class=\"wpcf7-form-control-wrap\" data-name=\"your-email\"><input size=\"40\" maxlength=\"400\" class=\"wpcf7-form-control wpcf7-email wpcf7-validates-as-required wpcf7-text wpcf7-validates-as-email\" aria-required=\"true\" aria-invalid=\"false\" value=\"\" type=\"email\" name=\"your-email\" \/><\/span>\n<\/p>\n<p><label> Va\u0161e sporo\u010dilo<\/label><span class=\"wpcf7-form-control-wrap\" data-name=\"your-message\"><textarea cols=\"40\" rows=\"10\" maxlength=\"2000\" class=\"wpcf7-form-control wpcf7-textarea\" aria-invalid=\"false\" name=\"your-message\"><\/textarea><\/span>\n<\/p>\n<p><input class=\"wpcf7-form-control wpcf7-submit has-spinner\" type=\"submit\" value=\"Oddaj\" \/>\n<\/p><div class=\"wpcf7-response-output\" aria-hidden=\"true\"><\/div>\n<\/form>\n<\/div>\n[\/vc_column][vc_column width=&#8221;3\/12&#8243;][\/vc_column][\/vc_row][vc_row][vc_column][vc_column_text][\/vc_column_text][\/vc_column][\/vc_row]<\/p>\n","protected":false},"excerpt":{"rendered":"<p>[vc_row][vc_column][vc_empty_space][vc_row_inner el_class=&#8221;tb-about&#8221; css=&#8221;.vc_custom_1515392679501{margin-top: 62px !important;margin-bottom: 65px !important;}&#8221;][vc_column_inner width=&#8221;5\/12&#8243;][vc_single_image image=&#8221;2090&#8243; img_size=&#8221;full&#8221; alignment=&#8221;center&#8221;][\/vc_column_inner][vc_column_inner width=&#8221;7\/12&#8243;][vc_column_text el_class=&#8221;tb-about&#8221;]Nova distribucijski pot od kmeta do javnih zavodov, domov za ostarele, zdravili\u0161\u010d, gostiln ter drugih kupcev v Prekmurju. Dostava vsak delovnik in v soboto. Naro\u010dilo lahko oddate po [&hellip;]<\/p>\n","protected":false},"author":1,"featured_media":0,"parent":0,"menu_order":0,"comment_status":"closed","ping_status":"closed","template":"","meta":{"footnotes":""},"class_list":["post-1965","page","type-page","status-publish","hentry"],"_links":{"self":[{"href":"https:\/\/lokalno.je\/pot-do-lokalne-hrane\/wp-json\/wp\/v2\/pages\/1965","targetHints":{"allow":["GET"]}}],"collection":[{"href":"https:\/\/lokalno.je\/pot-do-lokalne-hrane\/wp-json\/wp\/v2\/pages"}],"about":[{"href":"https:\/\/lokalno.je\/pot-do-lokalne-hrane\/wp-json\/wp\/v2\/types\/page"}],"author":[{"embeddable":true,"href":"https:\/\/lokalno.je\/pot-do-lokalne-hrane\/wp-json\/wp\/v2\/users\/1"}],"replies":[{"embeddable":true,"href":"https:\/\/lokalno.je\/pot-do-lokalne-hrane\/wp-json\/wp\/v2\/comments?post=1965"}],"version-history":[{"count":6,"href":"https:\/\/lokalno.je\/pot-do-lokalne-hrane\/wp-json\/wp\/v2\/pages\/1965\/revisions"}],"predecessor-version":[{"id":2524,"href":"https:\/\/lokalno.je\/pot-do-lokalne-hrane\/wp-json\/wp\/v2\/pages\/1965\/revisions\/2524"}],"wp:attachment":[{"href":"https:\/\/lokalno.je\/pot-do-lokalne-hrane\/wp-json\/wp\/v2\/media?parent=1965"}],"curies":[{"name":"wp","href":"https:\/\/api.w.org\/{rel}","templated":true}]}}